{"id":12352,"date":"2025-02-18T15:17:50","date_gmt":"2025-02-18T14:17:50","guid":{"rendered":"https:\/\/ami-consultancy.com\/team\/"},"modified":"2025-05-02T13:36:58","modified_gmt":"2025-05-02T11:36:58","slug":"team","status":"publish","type":"page","link":"https:\/\/ami-consultancy.com\/de\/team\/","title":{"rendered":"Unser Team"},"content":{"rendered":"<p>[vc_row][vc_column]\n\t\t\t<!-- START Team | Hoofdpagina DUI REVOLUTION SLIDER 6.7.19 --><p class=\"rs-p-wp-fix\"><\/p>\n\t\t\t<rs-module-wrap id=\"rev_slider_78_1_wrapper\" data-source=\"gallery\" style=\"visibility:hidden;background:transparent;padding:0;margin:0px auto;margin-top:0;margin-bottom:0;\">\n\t\t\t\t<rs-module id=\"rev_slider_78_1\" style=\"\" data-version=\"6.7.19\">\n\t\t\t\t\t<rs-slides style=\"overflow: hidden; position: absolute;\">\n\t\t\t\t\t\t<rs-slide style=\"position: absolute;\" data-key=\"rs-148\" data-title=\"Slide\" data-anim=\"ms:10;\" data-in=\"o:1;\" data-out=\"a:false;\">\n\t\t\t\t\t\t\t<img decoding=\"async\" src=\"\/\/ami-consultancy.com\/wp-content\/plugins\/revslider\/sr6\/assets\/assets\/dummy.png\" alt=\"\" title=\"headers-team-3\" width=\"1980\" height=\"800\" class=\"rev-slidebg tp-rs-img rs-lazyload\" data-lazyload=\"\/\/ami-consultancy.com\/wp-content\/uploads\/2025\/02\/headers-team-3.jpg\" data-bg=\"p:center top;\" data-no-retina>\n<!--\n\t\t\t\t\t\t\t--><h2\n\t\t\t\t\t\t\t\tid=\"slider-78-slide-148-layer-0\" \n\t\t\t\t\t\t\t\tclass=\"rs-layer\"\n\t\t\t\t\t\t\t\tdata-type=\"text\"\n\t\t\t\t\t\t\t\tdata-rsp_ch=\"on\"\n\t\t\t\t\t\t\t\tdata-xy=\"x:l,l,l,c;xo:20px,20px,20px,0;y:b,b,b,m;yo:110px,110px,110px,0;\"\n\t\t\t\t\t\t\t\tdata-text=\"w:normal;s:40;l:35,35,35,45;fw:600;a:left,left,left,center;\"\n\t\t\t\t\t\t\t\tdata-dim=\"w:100%,100%,100%,90%;h:68px,68px,68px,auto;\"\n\t\t\t\t\t\t\t\tdata-frame_999=\"o:0;st:w;\"\n\t\t\t\t\t\t\t\tstyle=\"z-index:10;font-family:'Arial', 'Helvetica', 'sans-serif';\"\n\t\t\t\t\t\t\t>\u201eSie wissen Bescheid und Sie k\u00fcmmern sich darum.\u201c<br \/>\nDas zeigt unser Engagement. \n\t\t\t\t\t\t\t<\/h2><!--\n\n\t\t\t\t\t\t\t--><rs-layer\n\t\t\t\t\t\t\t\tid=\"slider-78-slide-148-layer-2\" \n\t\t\t\t\t\t\t\tclass=\"rightcircle-header\"\n\t\t\t\t\t\t\t\tdata-type=\"image\"\n\t\t\t\t\t\t\t\tdata-rsp_ch=\"on\"\n\t\t\t\t\t\t\t\tdata-xy=\"x:r;y:m;yo:-1px,-1px,-1px,0;\"\n\t\t\t\t\t\t\t\tdata-text=\"w:normal;s:20,20,20,8;l:0,0,0,10;\"\n\t\t\t\t\t\t\t\tdata-dim=\"w:226px,226px,226px,98px;h:450px,450px,450px,195px;\"\n\t\t\t\t\t\t\t\tdata-vbility=\"t,t,t,f\"\n\t\t\t\t\t\t\t\tdata-basealign=\"slide\"\n\t\t\t\t\t\t\t\tdata-frame_999=\"o:0;st:w;\"\n\t\t\t\t\t\t\t\tstyle=\"z-index:8;\"\n\t\t\t\t\t\t\t><img decoding=\"async\" src=\"\/\/ami-consultancy.com\/wp-content\/plugins\/revslider\/sr6\/assets\/assets\/dummy.png\" alt=\"\" class=\"tp-rs-img rs-lazyload\" width=\"273\" height=\"543\" data-lazyload=\"\/\/ami-consultancy.com\/wp-content\/uploads\/2024\/01\/Ellipse-2.svg\" data-no-retina> \n\t\t\t\t\t\t\t<\/rs-layer><!--\n\n\t\t\t\t\t\t\t--><rs-layer\n\t\t\t\t\t\t\t\tid=\"slider-78-slide-148-layer-4\" \n\t\t\t\t\t\t\t\tclass=\"leftcircle-header\"\n\t\t\t\t\t\t\t\tdata-type=\"image\"\n\t\t\t\t\t\t\t\tdata-rsp_ch=\"on\"\n\t\t\t\t\t\t\t\tdata-xy=\"y:m;\"\n\t\t\t\t\t\t\t\tdata-text=\"w:normal;s:20,20,20,8;l:0,0,0,10;\"\n\t\t\t\t\t\t\t\tdata-dim=\"w:97px,97px,97px,41px;h:209px,209px,209px,90px;\"\n\t\t\t\t\t\t\t\tdata-vbility=\"t,t,t,f\"\n\t\t\t\t\t\t\t\tdata-basealign=\"slide\"\n\t\t\t\t\t\t\t\tdata-frame_999=\"o:0;st:w;\"\n\t\t\t\t\t\t\t\tstyle=\"z-index:9;\"\n\t\t\t\t\t\t\t><img decoding=\"async\" src=\"\/\/ami-consultancy.com\/wp-content\/plugins\/revslider\/sr6\/assets\/assets\/dummy.png\" alt=\"\" class=\"tp-rs-img rs-lazyload\" width=\"97\" height=\"209\" data-lazyload=\"\/\/ami-consultancy.com\/wp-content\/uploads\/2024\/01\/Ellipse-1.svg\" data-no-retina> \n\t\t\t\t\t\t\t<\/rs-layer><!--\n\n\t\t\t\t\t\t\t--><rs-layer\n\t\t\t\t\t\t\t\tid=\"slider-78-slide-148-layer-5\" \n\t\t\t\t\t\t\t\tdata-type=\"shape\"\n\t\t\t\t\t\t\t\tdata-rsp_ch=\"on\"\n\t\t\t\t\t\t\t\tdata-xy=\"x:c;y:b;\"\n\t\t\t\t\t\t\t\tdata-text=\"w:normal;s:20,20,20,8;l:0,0,0,10;\"\n\t\t\t\t\t\t\t\tdata-dim=\"w:100%;h:50%,50%,50%,100%;\"\n\t\t\t\t\t\t\t\tdata-basealign=\"slide\"\n\t\t\t\t\t\t\t\tdata-frame_999=\"o:0;st:w;\"\n\t\t\t\t\t\t\t\tstyle=\"z-index:7;background-color:rgba(107,54,255,0.8);\"\n\t\t\t\t\t\t\t> \n\t\t\t\t\t\t\t<\/rs-layer><!--\n\n\t\t\t\t\t\t\t--><rs-layer\n\t\t\t\t\t\t\t\tid=\"slider-78-slide-148-layer-6\" \n\t\t\t\t\t\t\t\tdata-type=\"image\"\n\t\t\t\t\t\t\t\tdata-rsp_ch=\"on\"\n\t\t\t\t\t\t\t\tdata-xy=\"x:c;\"\n\t\t\t\t\t\t\t\tdata-text=\"w:normal;s:20,20,20,8;l:0,0,0,10;\"\n\t\t\t\t\t\t\t\tdata-dim=\"w:[&#039;100%&#039;,&#039;100%&#039;,&#039;100%&#039;,&#039;100%&#039;];\"\n\t\t\t\t\t\t\t\tdata-vbility=\"t,t,t,f\"\n\t\t\t\t\t\t\t\tdata-basealign=\"slide\"\n\t\t\t\t\t\t\t\tdata-btrans=\"o:0.5;\"\n\t\t\t\t\t\t\t\tdata-frame_999=\"o:0;st:w;\"\n\t\t\t\t\t\t\t\tstyle=\"z-index:6;\"\n\t\t\t\t\t\t\t><img decoding=\"async\" src=\"\/\/ami-consultancy.com\/wp-content\/plugins\/revslider\/sr6\/assets\/assets\/dummy.png\" alt=\"\" class=\"tp-rs-img rs-lazyload\" width=\"1920\" height=\"400\" data-lazyload=\"\/\/ami-consultancy.com\/wp-content\/uploads\/2024\/11\/AMI_Dark.png\" data-no-retina> \n\t\t\t\t\t\t\t<\/rs-layer><!--\n-->\t\t\t\t\t<\/rs-slide>\n\t\t\t\t\t<\/rs-slides>\n\t\t\t\t<\/rs-module>\n\t\t\t\t<script>\n\t\t\t\t\tsetREVStartSize({c: 'rev_slider_78_1',rl:[1240,1240,1240,480],el:[600,600,600,400],gw:[1100,1100,1100,480],gh:[600,600,600,400],type:'hero',justify:'',layout:'fullwidth',mh:\"0\"});if (window.RS_MODULES!==undefined && window.RS_MODULES.modules!==undefined && window.RS_MODULES.modules[\"revslider781\"]!==undefined) {window.RS_MODULES.modules[\"revslider781\"].once = false;window.revapi78 = undefined;if (window.RS_MODULES.checkMinimal!==undefined) window.RS_MODULES.checkMinimal()}\n\t\t\t\t<\/script>\n\t\t\t<\/rs-module-wrap>\n\t\t\t<!-- END REVOLUTION SLIDER -->\n[\/vc_column][\/vc_row][vc_row responsive_css=&#8220;padding_right_large:120px|padding_left_large:40px&#8220; css=&#8220;.vc_custom_1739883393355{padding-right: 20px !important;padding-left: 20px !important;}&#8220;][vc_column][ld_spacer height=&#8220;60px&#8220;][ld_fancy_heading tag=&#8220;h2&#8243; alignment=&#8220;text-left&#8220; ca_init_scale_x=&#8220;1&#8243; ca_init_scale_y=&#8220;1&#8243; ca_init_opacity=&#8220;1&#8243; ca_an_scale_x=&#8220;1&#8243; ca_an_scale_y=&#8220;1&#8243; ca_an_opacity=&#8220;1&#8243; use_custom_fonts_title=&#8220;true&#8220; enable_split=&#8220;true&#8220; use_mask=&#8220;true&#8220; ca_init_scale_z=&#8220;1&#8243; ca_an_scale_z=&#8220;1&#8243; color=&#8220;rgb(107, 54, 255)&#8220; margin=&#8220;bottom_small:0.35em&#8220; padding=&#8220;right_all:40px&#8220;]Echte Ami-Mitarbeitende m\u00f6chten sich uneingeschr\u00e4nkt weiterentwickeln und f\u00fcr unsere Kund:innen einen echten Unterschied machen. Das tun Sie durch Co-Creation und die Zusammenarbeit mit unseren Kundinnen und Kunden bei komplexen Problemen, um \u00fcberraschend praktikable L\u00f6sungen zu finden. Auf diese Weise bringen sie Menschen und Unternehmen in Bewegung, um gemeinsam zu lernen und zu neuen Ideen und bahnbrechenden Erkenntnissen zu gelangen. Dabei z\u00f6gern sie \u00fcbrigens nicht, ihre Meinung zu \u00e4u\u00dfern, denn Beraterinnen und Berater, die nur mitlaufen, werden nichts bewegen, geschweige denn ver\u00e4ndern.<br \/>\n[\/ld_fancy_heading][ld_spacer height=&#8220;20px&#8220;][vc_btn title=&#8220;unsere Geschichte&#8220; style=&#8220;classic&#8220; align=&#8220;left&#8220; i_align=&#8220;right&#8220; i_icon_fontawesome=&#8220;fas fa-chevron-right&#8220; add_icon=&#8220;true&#8220; el_class=&#8220;grey-button&#8220; link=&#8220;url:https%3A%2F%2Fami-consultancy.com%2Fde%2Funsere-geschichte%2F|||&#8220;][ld_spacer height=&#8220;60px&#8220;][\/vc_column][\/vc_row][vc_row css=&#8220;.vc_custom_1702570902071{margin-top: -2px !important;background-color: #ffffff !important;}&#8220;][vc_column][vc_masonry_grid post_type=&#8220;post&#8220; max_items=&#8220;30&#8243; element_width=&#8220;6&#8243; orderby=&#8220;rand&#8220; item=&#8220;11157&#8243; grid_id=&#8220;vc_gid:1746185791390-d222b759-3134-7&#8243; taxonomies=&#8220;66&#8243;][\/vc_column][\/vc_row][vc_row responsive_css=&#8220;padding_right_large:140px|padding_left_large:40px&#8220; css=&#8220;.vc_custom_1739880360074{padding-right: 20px !important;padding-left: 20px !important;}&#8220;][vc_column][ld_spacer height=&#8220;60px&#8220;][vc_separator color=&#8220;custom&#8220; border_width=&#8220;8&#8243; accent_color=&#8220;rgb(0, 234, 144)&#8220;][ld_fancy_heading tag=&#8220;h3&#8243; alignment=&#8220;text-left&#8220; ca_init_scale_x=&#8220;1&#8243; ca_init_scale_y=&#8220;1&#8243; ca_init_opacity=&#8220;1&#8243; ca_an_scale_x=&#8220;1&#8243; ca_an_scale_y=&#8220;1&#8243; ca_an_opacity=&#8220;1&#8243; use_custom_fonts_title=&#8220;true&#8220; enable_split=&#8220;true&#8220; use_mask=&#8220;true&#8220; ca_init_scale_z=&#8220;1&#8243; ca_an_scale_z=&#8220;1&#8243; color=&#8220;rgb(0, 234, 144)&#8220; margin=&#8220;bottom_small:0.35em&#8220; fs=&#8220;text_all:20px|text_small:16px&#8220; lh=&#8220;text_all:1.5em|text_small:1.35em&#8220;]Monumentale Ambitionen.[\/ld_fancy_heading][ld_fancy_heading tag=&#8220;p&#8220; alignment=&#8220;text-left&#8220; use_custom_fonts_title=&#8220;true&#8220; ca_init_scale_z=&#8220;1&#8243; ca_an_scale_z=&#8220;1&#8243; color=&#8220;rgb(0, 0, 0)&#8220; margin=&#8220;bottom_small:0.35em&#8220; fs=&#8220;text_all:20px|text_small:16px&#8220; lh=&#8220;text_all:1.5em|text_small:1.35em&#8220; padding=&#8220;right_all:200px&#8220;]<span style=\"color: #6b36ff;\"><a style=\"color: #6b36ff;\" href=\"mailto:info@ami-consultancy.com\"><strong>Kontaktieren<\/strong><\/a><\/span> Sie uns, oder folgen Sie uns auf <strong><a href=\"https:\/\/www.linkedin.com\/company\/ami-consultancy\/?originalSubdomain=nl\" target=\"_blank\" rel=\"noopener\"><span style=\"color: #6b36ff;\">LinkedIn<\/span><\/a><\/strong>.<br \/>\n[\/ld_fancy_heading][ld_spacer height=&#8220;60px&#8220;][\/vc_column][\/vc_row]<\/p>\n","protected":false},"excerpt":{"rendered":"<p>[vc_row][vc_column][\/vc_column][\/vc_row][vc_row responsive_css=&#8220;padding_right_large:120px|padding_left_large:40px&#8220; css=&#8220;.vc_custom_1739883393355{padding-right: 20px !important;padding-left: 20px !important;}&#8220;][vc_column][ld_spacer height=&#8220;60px&#8220;][ld_fancy_heading tag=&#8220;h2&#8243; alignment=&#8220;text-left&#8220; ca_init_scale_x=&#8220;1&#8243; ca_init_scale_y=&#8220;1&#8243; ca_init_opacity=&#8220;1&#8243; ca_an_scale_x=&#8220;1&#8243; ca_an_scale_y=&#8220;1&#8243; ca_an_opacity=&#8220;1&#8243; use_custom_fonts_title=&#8220;true&#8220; enable_split=&#8220;true&#8220; use_mask=&#8220;true&#8220; ca_init_scale_z=&#8220;1&#8243; ca_an_scale_z=&#8220;1&#8243; color=&#8220;rgb(107, 54, 255)&#8220; margin=&#8220;bottom_small:0.35em&#8220; padding=&#8220;right_all:40px&#8220;]Echte Ami-Mitarbeitende m\u00f6chten sich uneingeschr\u00e4nkt weiterentwickeln und f\u00fcr unsere Kund:innen einen echten Unterschied machen. Das tun Sie durch Co-Creation und die Zusammenarbeit mit unseren Kundinnen und Kunden bei komplexen Problemen, [&hellip;]<\/p>\n","protected":false},"author":12,"featured_media":0,"parent":0,"menu_order":0,"comment_status":"closed","ping_status":"closed","template":"","meta":{"inline_featured_image":false,"footnotes":""},"class_list":["post-12352","page","type-page","status-publish","hentry"],"_links":{"self":[{"href":"https:\/\/ami-consultancy.com\/de\/wp-json\/wp\/v2\/pages\/12352","targetHints":{"allow":["GET"]}}],"collection":[{"href":"https:\/\/ami-consultancy.com\/de\/wp-json\/wp\/v2\/pages"}],"about":[{"href":"https:\/\/ami-consultancy.com\/de\/wp-json\/wp\/v2\/types\/page"}],"author":[{"embeddable":true,"href":"https:\/\/ami-consultancy.com\/de\/wp-json\/wp\/v2\/users\/12"}],"replies":[{"embeddable":true,"href":"https:\/\/ami-consultancy.com\/de\/wp-json\/wp\/v2\/comments?post=12352"}],"version-history":[{"count":5,"href":"https:\/\/ami-consultancy.com\/de\/wp-json\/wp\/v2\/pages\/12352\/revisions"}],"predecessor-version":[{"id":12735,"href":"https:\/\/ami-consultancy.com\/de\/wp-json\/wp\/v2\/pages\/12352\/revisions\/12735"}],"wp:attachment":[{"href":"https:\/\/ami-consultancy.com\/de\/wp-json\/wp\/v2\/media?parent=12352"}],"curies":[{"name":"wp","href":"https:\/\/api.w.org\/{rel}","templated":true}]}}